{"id":919,"date":"2025-05-16T15:52:59","date_gmt":"2025-05-16T13:52:59","guid":{"rendered":"https:\/\/drzewozdrowia.pl\/nuovo\/services\/"},"modified":"2025-05-26T14:58:55","modified_gmt":"2025-05-26T12:58:55","slug":"services","status":"publish","type":"page","link":"https:\/\/drzewozdrowia.pl\/nuovo\/services\/","title":{"rendered":"Terapie"},"content":{"rendered":"\t\t<div data-elementor-type=\"wp-page\" data-elementor-id=\"919\" class=\"elementor elementor-919\" data-elementor-settings=\"{&quot;ha_cmc_init_switcher&quot;:&quot;no&quot;}\">\n\t\t\t\t<div class=\"elementor-element elementor-element-18388af e-flex e-con-boxed e-con e-parent\" data-id=\"18388af\" data-element_type=\"container\" data-settings=\"{&quot;background_background&quot;:&quot;classic&quot;,&quot;_ha_eqh_enable&quot;:false}\">\n\t\t\t\t\t<div class=\"e-con-inner\">\n\t\t<div class=\"elementor-element elementor-element-5ea8a60 e-con-full e-flex e-con e-child\" data-id=\"5ea8a60\" data-element_type=\"container\" data-settings=\"{&quot;_ha_eqh_enable&quot;:false}\">\n\t\t\t\t<div class=\"elementor-element elementor-element-a4d349c elementor-widget elementor-widget-heading\" data-id=\"a4d349c\" data-element_type=\"widget\" data-widget_type=\"heading.default\">\n\t\t\t\t<div class=\"elementor-widget-container\">\n\t\t\t\t\t<h6 class=\"elementor-heading-title elementor-size-default\">Terapie i Diagnostyka<\/h6>\t\t\t\t<\/div>\n\t\t\t\t<\/div>\n\t\t\t\t<div class=\"elementor-element elementor-element-0c3541e elementor-widget elementor-widget-heading\" data-id=\"0c3541e\" data-element_type=\"widget\" data-widget_type=\"heading.default\">\n\t\t\t\t<div class=\"elementor-widget-container\">\n\t\t\t\t\t<h1 class=\"elementor-heading-title elementor-size-default\"><p data-start=\"68\" data-end=\"181\">W naszym centrum oferujemy nowoczesne i skuteczne terapie naturalne, kt\u00f3re wspieraj\u0105 cia\u0142o w procesie zdrowienia.<\/p><p data-start=\"183\" data-end=\"319\">Stosujemy indywidualne podej\u015bcie, wykorzystuj\u0105c zaawansowan\u0105 diagnostyk\u0119 oraz sprawdzone metody naturopatii, dietoterapii i fitoterapii.<\/p><span style=\"font-style: inherit; font-weight: inherit; text-decoration-line: initial;\">Naszym celem jest przywr\u00f3cenie r\u00f3wnowagi i energii \u017cyciowej ka\u017cdego pacjenta.<\/span><\/h1>\t\t\t\t<\/div>\n\t\t\t\t<\/div>\n\t\t\t\t<\/div>\n\t\t\t\t\t<\/div>\n\t\t\t\t<\/div>\n\t\t<div class=\"elementor-element elementor-element-20153e3 e-flex e-con-boxed e-con e-parent\" data-id=\"20153e3\" data-element_type=\"container\" data-settings=\"{&quot;_ha_eqh_enable&quot;:false}\">\n\t\t\t\t\t<div class=\"e-con-inner\">\n\t\t<div class=\"elementor-element elementor-element-8e07eb3 e-con-full e-flex e-con e-child\" data-id=\"8e07eb3\" data-element_type=\"container\" data-settings=\"{&quot;_ha_eqh_enable&quot;:false}\">\n\t\t\t\t<div class=\"elementor-element elementor-element-1593f24 elementor-widget elementor-widget-menu-anchor\" data-id=\"1593f24\" data-element_type=\"widget\" data-widget_type=\"menu-anchor.default\">\n\t\t\t\t<div class=\"elementor-widget-container\">\n\t\t\t\t\t\t\t<div class=\"elementor-menu-anchor\" id=\"biofeedback\"><\/div>\n\t\t\t\t\t\t<\/div>\n\t\t\t\t<\/div>\n\t\t\t\t<div class=\"elementor-element elementor-element-bde1082 elementor-widget elementor-widget-heading\" data-id=\"bde1082\" data-element_type=\"widget\" data-widget_type=\"heading.default\">\n\t\t\t\t<div class=\"elementor-widget-container\">\n\t\t\t\t\t<h2 class=\"elementor-heading-title elementor-size-default\">Biofeedback \u2013 Test Kompleksowy<\/h2>\t\t\t\t<\/div>\n\t\t\t\t<\/div>\n\t\t\t\t<div class=\"elementor-element elementor-element-35b00a0 elementor-widget elementor-widget-heading\" data-id=\"35b00a0\" data-element_type=\"widget\" data-widget_type=\"heading.default\">\n\t\t\t\t<div class=\"elementor-widget-container\">\n\t\t\t\t\t<h5 class=\"elementor-heading-title elementor-size-default\">Nowoczesna diagnostyka \u201call body test\u201d biorezonansem kwantowym najnowszej generacji<\/h5>\t\t\t\t<\/div>\n\t\t\t\t<\/div>\n\t\t\t\t<div class=\"elementor-element elementor-element-9fe67e2 elementor-widget-divider--view-line elementor-widget elementor-widget-divider\" data-id=\"9fe67e2\" data-element_type=\"widget\" data-widget_type=\"divider.default\">\n\t\t\t\t<div class=\"elementor-widget-container\">\n\t\t\t\t\t\t\t<div class=\"elementor-divider\">\n\t\t\t<span class=\"elementor-divider-separator\">\n\t\t\t\t\t\t<\/span>\n\t\t<\/div>\n\t\t\t\t\t\t<\/div>\n\t\t\t\t<\/div>\n\t\t\t\t<div class=\"elementor-element elementor-element-33273dc elementor-widget elementor-widget-text-editor\" data-id=\"33273dc\" data-element_type=\"widget\" data-widget_type=\"text-editor.default\">\n\t\t\t\t<div class=\"elementor-widget-container\">\n\t\t\t\t\t\t\t\t\t<p data-start=\"316\" data-end=\"590\">Podczas kr\u00f3tkiego badania dowiesz si\u0119, jaki jest stan Twoich wewn\u0119trznych organ\u00f3w oraz otrzymasz informacje o brakuj\u0105cych witaminach i mikroelementach w organizmie. Wszystko to za pomoc\u0105 jednego, nieinwazyjnego testu, kt\u00f3ry pozwala unikn\u0105\u0107 kosztownych bada\u0144 laboratoryjnych.<\/p><p data-start=\"592\" data-end=\"951\">Metoda ta opiera si\u0119 na pomiarze przep\u0142ywu energii w organizmie, tzw. bioimpedancji. Test odczytuje poziom wszystkich zwi\u0105zk\u00f3w od\u017cywczych w organizmie: witamin, minera\u0142\u00f3w, aminokwas\u00f3w, koenzym\u00f3w oraz hormon\u00f3w. Okre\u015bla tak\u017ce poziom cukru i cholesterolu we krwi oraz funkcjonowanie strategicznych narz\u0105d\u00f3w, takich jak trzustka, w\u0105troba, nerki, \u015bledziona i m\u00f3zg.<\/p><p data-start=\"953\" data-end=\"1224\">Analizator wykorzystuje rezonans magnetyczny oraz jest po\u0142\u0105czeniem zaawansowanych technologii i projekt\u00f3w z zakresu medycyny, bioinformatyki i elektrotechniki. Dzi\u0119ki zastosowaniu kwantowej medycyny urz\u0105dzenie umo\u017cliwia odbi\u00f3r s\u0142abego pola magnetycznego ludzkich kom\u00f3rek.<\/p><p data-start=\"1226\" data-end=\"1345\">Pomiar s\u0142u\u017cy do analizy i oceny stanu zdrowia na poziomie kom\u00f3rkowym oraz diagnozowania g\u0142\u00f3wnych problem\u00f3w zdrowotnych.<\/p><p data-start=\"1347\" data-end=\"1509\">Urz\u0105dzenie zosta\u0142o opracowane na podstawie bada\u0144 naukowych przeprowadzonych na astronautach na potrzeby NASA, co gwarantuje wysok\u0105 dok\u0142adno\u015b\u0107 i precyzj\u0119 pomiar\u00f3w.<\/p><p data-start=\"1511\" data-end=\"1673\">W dobie nowoczesnej elektroniki i technologii diagnostyka ta stanowi innowacyjne i bezpieczne narz\u0119dzie do holistycznego spojrzenia na zdrowie i przyczyn\u0119 chor\u00f3b.<\/p>\t\t\t\t\t\t\t\t<\/div>\n\t\t\t\t<\/div>\n\t\t\t\t<\/div>\n\t\t<div class=\"elementor-element elementor-element-a1aa49f e-con-full e-flex e-con e-child\" data-id=\"a1aa49f\" data-element_type=\"container\" data-settings=\"{&quot;_ha_eqh_enable&quot;:false}\">\n\t\t\t\t<div class=\"elementor-element elementor-element-b736a41 elementor-widget elementor-widget-image\" data-id=\"b736a41\" data-element_type=\"widget\" data-widget_type=\"image.default\">\n\t\t\t\t<div class=\"elementor-widget-container\">\n\t\t\t\t\t\t\t\t\t\t\t\t\t\t\t<img fetchpriority=\"high\" decoding=\"async\" width=\"600\" height=\"600\" src=\"https:\/\/drzewozdrowia.pl\/nuovo\/wp-content\/uploads\/2025\/05\/Plan-1.jpg\" class=\"attachment-full size-full wp-image-928\" alt=\"\" srcset=\"https:\/\/drzewozdrowia.pl\/nuovo\/wp-content\/uploads\/2025\/05\/Plan-1.jpg 600w, https:\/\/drzewozdrowia.pl\/nuovo\/wp-content\/uploads\/2025\/05\/Plan-1-300x300.jpg 300w, https:\/\/drzewozdrowia.pl\/nuovo\/wp-content\/uploads\/2025\/05\/Plan-1-150x150.jpg 150w\" sizes=\"(max-width: 600px) 100vw, 600px\" \/>\t\t\t\t\t\t\t\t\t\t\t\t\t\t\t<\/div>\n\t\t\t\t<\/div>\n\t\t\t\t<\/div>\n\t\t\t\t\t<\/div>\n\t\t\t\t<\/div>\n\t\t<div class=\"elementor-element elementor-element-faccca0 e-flex e-con-boxed e-con e-parent\" data-id=\"faccca0\" data-element_type=\"container\" data-settings=\"{&quot;_ha_eqh_enable&quot;:false}\">\n\t\t\t\t\t<div class=\"e-con-inner\">\n\t\t<div class=\"elementor-element elementor-element-47fc71e e-con-full e-flex e-con e-child\" data-id=\"47fc71e\" data-element_type=\"container\" data-settings=\"{&quot;_ha_eqh_enable&quot;:false}\">\n\t\t\t\t<div class=\"elementor-element elementor-element-82c9827 elementor-widget elementor-widget-image\" data-id=\"82c9827\" data-element_type=\"widget\" data-widget_type=\"image.default\">\n\t\t\t\t<div class=\"elementor-widget-container\">\n\t\t\t\t\t\t\t\t\t\t\t\t\t\t\t<img decoding=\"async\" width=\"600\" height=\"600\" src=\"https:\/\/drzewozdrowia.pl\/nuovo\/wp-content\/uploads\/2025\/05\/Plan-2-1.jpg\" class=\"attachment-full size-full wp-image-931\" alt=\"\" srcset=\"https:\/\/drzewozdrowia.pl\/nuovo\/wp-content\/uploads\/2025\/05\/Plan-2-1.jpg 600w, https:\/\/drzewozdrowia.pl\/nuovo\/wp-content\/uploads\/2025\/05\/Plan-2-1-300x300.jpg 300w, https:\/\/drzewozdrowia.pl\/nuovo\/wp-content\/uploads\/2025\/05\/Plan-2-1-150x150.jpg 150w\" sizes=\"(max-width: 600px) 100vw, 600px\" \/>\t\t\t\t\t\t\t\t\t\t\t\t\t\t\t<\/div>\n\t\t\t\t<\/div>\n\t\t\t\t<\/div>\n\t\t<div class=\"elementor-element elementor-element-01dfd78 e-con-full e-flex e-con e-child\" data-id=\"01dfd78\" data-element_type=\"container\" data-settings=\"{&quot;_ha_eqh_enable&quot;:false}\">\n\t\t\t\t<div class=\"elementor-element elementor-element-14e9737 elementor-widget elementor-widget-menu-anchor\" data-id=\"14e9737\" data-element_type=\"widget\" data-widget_type=\"menu-anchor.default\">\n\t\t\t\t<div class=\"elementor-widget-container\">\n\t\t\t\t\t\t\t<div class=\"elementor-menu-anchor\" id=\"dietoterapia\"><\/div>\n\t\t\t\t\t\t<\/div>\n\t\t\t\t<\/div>\n\t\t\t\t<div class=\"elementor-element elementor-element-b6c2d06 elementor-widget elementor-widget-heading\" data-id=\"b6c2d06\" data-element_type=\"widget\" data-widget_type=\"heading.default\">\n\t\t\t\t<div class=\"elementor-widget-container\">\n\t\t\t\t\t<h2 class=\"elementor-heading-title elementor-size-default\">Dietoterapia \u2013 Dieta Genotypowa<\/h2>\t\t\t\t<\/div>\n\t\t\t\t<\/div>\n\t\t\t\t<div class=\"elementor-element elementor-element-e57d14a elementor-widget elementor-widget-heading\" data-id=\"e57d14a\" data-element_type=\"widget\" data-widget_type=\"heading.default\">\n\t\t\t\t<div class=\"elementor-widget-container\">\n\t\t\t\t\t<h5 class=\"elementor-heading-title elementor-size-default\">Droga do odzyskaniar\u00f3wnowagi zdrowotneJ<\/h5>\t\t\t\t<\/div>\n\t\t\t\t<\/div>\n\t\t\t\t<div class=\"elementor-element elementor-element-cca2093 elementor-widget-divider--view-line elementor-widget elementor-widget-divider\" data-id=\"cca2093\" data-element_type=\"widget\" data-widget_type=\"divider.default\">\n\t\t\t\t<div class=\"elementor-widget-container\">\n\t\t\t\t\t\t\t<div class=\"elementor-divider\">\n\t\t\t<span class=\"elementor-divider-separator\">\n\t\t\t\t\t\t<\/span>\n\t\t<\/div>\n\t\t\t\t\t\t<\/div>\n\t\t\t\t<\/div>\n\t\t\t\t<div class=\"elementor-element elementor-element-f44a9ce elementor-widget elementor-widget-text-editor\" data-id=\"f44a9ce\" data-element_type=\"widget\" data-widget_type=\"text-editor.default\">\n\t\t\t\t<div class=\"elementor-widget-container\">\n\t\t\t\t\t\t\t\t\t<p data-start=\"202\" data-end=\"308\">Indywidualnie dopasowana dieta zgodna z Twoim genotypem \u2013 dla lepszego samopoczucia i trwa\u0142ej utraty wagi.<\/p><p data-start=\"310\" data-end=\"506\">Kwestia prawid\u0142owego od\u017cywiania bardzo cz\u0119sto wywo\u0142uje emocje. A porady, co nale\u017cy je\u015b\u0107, a czego \u2013 ze wzgl\u0119du na swoje geny \u2013 trzeba si\u0119 wystrzega\u0107, to nie s\u0105 zalecenia dostosowane na kr\u00f3tk\u0105 met\u0119.<\/p><p data-start=\"508\" data-end=\"792\">Efektem wieloletnich bada\u0144 i obserwacji s\u0105 moje spostrze\u017cenia na temat tego, dlaczego niekt\u00f3rzy z nas reaguj\u0105 odmiennie stosuj\u0105c t\u0119 sam\u0105 diet\u0119. Bazuj\u0105c na koncepcji, \u017ce kluczowe znaczenie w naszym \u017cyciu odgrywa grupa krwi i nasze predyspozycje genowe, powsta\u0142a indywidualna genodieta.<\/p><p data-start=\"794\" data-end=\"1145\">Geny s\u0105 dziedziczone \u2013 nie mo\u017cna \u201enaby\u0107\u201d nowych gen\u00f3w ani pozby\u0107 si\u0119 starych. Jednak\u017ce geny, kt\u00f3re otrzymali\u015bmy podczas pocz\u0119cia, to dopiero pocz\u0105tek ca\u0142ej historii. Od okresu p\u0142odowego, przez dzieci\u0144stwo, m\u0142odo\u015b\u0107 i wiek doros\u0142y, mamy mo\u017cliwo\u015b\u0107 \u201epodkr\u0119cenia\u201d niekt\u00f3rych gen\u00f3w i \u201ewyciszenia\u201d innych, co ma ogromny wp\u0142yw na nasze zdrowie i samopoczucie.<\/p><p data-start=\"1147\" data-end=\"1354\">Mo\u017cna przeanalizowa\u0107 projektowan\u0105 trajektori\u0119 \u017cycia i zdrowia \u2013 to, z jakimi trudno\u015bciami i wyzwaniami natury fizycznej trzeba si\u0119 liczy\u0107, do jakich schorze\u0144 przejawiamy sk\u0142onno\u015bci \u2013 i skutecznie zareagowa\u0107.<\/p><p data-start=\"1356\" data-end=\"1661\">Co najwa\u017cniejsze \u2013 zb\u0119dne s\u0105 laboratoryjne badania, leki, operacje czy inne zabiegi lekarskie, by dokona\u0107 tego niezwyk\u0142ego wyczynu. Trzeba tylko zrozumie\u0107, jaka dieta i plan \u0107wicze\u0144 okazuj\u0105 si\u0119 optymalne dla naszego genotypu \u2013 czyli poj\u0105\u0107 unikalny tryb interakcji zachodz\u0105cych pomi\u0119dzy genami a kom\u00f3rkami.<\/p><p data-start=\"1663\" data-end=\"1959\">Pomimo \u017ce w tradycyjnej praktyce medycznej termin \u201egenotyp\u201d oznacza w zasadzie zestaw gen\u00f3w danej osoby, ja u\u017cywam go w szerszym znaczeniu. Obejmuje on r\u00f3wnie\u017c relacje z otoczeniem, wp\u0142yw rodzinnej historii \u2013 zw\u0142aszcza chor\u00f3b dziedzicznych \u2013 warunki \u015brodowiskowe oraz okres rozwoju w \u0142onie matki.<\/p><p data-start=\"1961\" data-end=\"2200\">Po ustaleniu genotypu b\u0119dziesz m\u00f3g\u0142 zmieni\u0107 swoje nawyki \u017cywieniowe. Eliminuj\u0105c to, co zak\u0142\u00f3ca prac\u0119 organizmu, i koncentruj\u0105c si\u0119 na tym, co dla Ciebie najlepsze \u2013 zar\u00f3wno w diecie, jak i aktywno\u015bci fizycznej, kt\u00f3ra nie obci\u0105\u017ca organizmu.<\/p><p data-start=\"2202\" data-end=\"2485\">Kiedy dowiesz si\u0119, do kt\u00f3rego genotypu przynale\u017cysz, wiadomo b\u0119dzie, jaka dieta, jaki plan \u0107wicze\u0144 oraz jakie suplementy pomog\u0105 Ci utrzyma\u0107 optymaln\u0105 wag\u0119 i zdrowie. Odkryjesz, kt\u00f3re produkty spo\u017cywcze i \u0107wiczenia najlepiej chroni\u0105 Ci\u0119 przed schorzeniami, do kt\u00f3rych masz sk\u0142onno\u015bci.<\/p><p data-start=\"2487\" data-end=\"2673\">Ludzie r\u00f3\u017cni\u0105 si\u0119 od siebie. Indywidualny genotyp to nie tylko efekt gen\u00f3w odziedziczonych po przodkach, ale tak\u017ce rezultat do\u015bwiadcze\u0144 z okresu p\u0142odowego i grupa krwi, kt\u00f3r\u0105 otrzyma\u0142e\u015b.<\/p><p data-start=\"2675\" data-end=\"2974\">Dieta genotypowa zaczyna si\u0119 w g\u0142owie \u2013 dopiero p\u00f3\u017aniej przechodzi na talerz. To styl \u017cycia, kt\u00f3ry wymaga \u015bwiadomo\u015bci tego, co jemy. Zrozumienie, jak funkcjonuje nasze cia\u0142o i dlaczego sk\u0142ad posi\u0142ku mo\u017ce poprawi\u0107 lub pogorszy\u0107 samopoczucie, to fascynuj\u0105cy proces ws\u0142uchiwania si\u0119 we w\u0142asne potrzeby.<\/p><p data-start=\"2976\" data-end=\"3017\">Bo trzeba wiedzie\u0107, by m\u00f3c dobrze wybra\u0107.<\/p>\t\t\t\t\t\t\t\t<\/div>\n\t\t\t\t<\/div>\n\t\t\t\t<\/div>\n\t\t\t\t\t<\/div>\n\t\t\t\t<\/div>\n\t\t<div class=\"elementor-element elementor-element-c538fb6 e-flex e-con-boxed e-con e-parent\" data-id=\"c538fb6\" data-element_type=\"container\" data-settings=\"{&quot;_ha_eqh_enable&quot;:false}\">\n\t\t\t\t\t<div class=\"e-con-inner\">\n\t\t<div class=\"elementor-element elementor-element-a85e85f e-con-full e-flex e-con e-child\" data-id=\"a85e85f\" data-element_type=\"container\" data-settings=\"{&quot;_ha_eqh_enable&quot;:false}\">\n\t\t\t\t<div class=\"elementor-element elementor-element-6576584 elementor-widget elementor-widget-menu-anchor\" data-id=\"6576584\" data-element_type=\"widget\" data-widget_type=\"menu-anchor.default\">\n\t\t\t\t<div class=\"elementor-widget-container\">\n\t\t\t\t\t\t\t<div class=\"elementor-menu-anchor\" id=\"naturopatia\"><\/div>\n\t\t\t\t\t\t<\/div>\n\t\t\t\t<\/div>\n\t\t\t\t<div class=\"elementor-element elementor-element-7357c23 elementor-widget elementor-widget-heading\" data-id=\"7357c23\" data-element_type=\"widget\" data-widget_type=\"heading.default\">\n\t\t\t\t<div class=\"elementor-widget-container\">\n\t\t\t\t\t<h2 class=\"elementor-heading-title elementor-size-default\">Naturopatia i Zio\u0142olecznictwo<\/h2>\t\t\t\t<\/div>\n\t\t\t\t<\/div>\n\t\t\t\t<div class=\"elementor-element elementor-element-1a64858 elementor-widget elementor-widget-heading\" data-id=\"1a64858\" data-element_type=\"widget\" data-widget_type=\"heading.default\">\n\t\t\t\t<div class=\"elementor-widget-container\">\n\t\t\t\t\t<h5 class=\"elementor-heading-title elementor-size-default\">Profesjonalny dob\u00f3r zi\u00f3\u0142, dzi\u0119ki kt\u00f3rym pozb\u0119dziesz si\u0119 wielu dolegliwo\u015bci i problem\u00f3w zdrowotnych.<\/h5>\t\t\t\t<\/div>\n\t\t\t\t<\/div>\n\t\t\t\t<div class=\"elementor-element elementor-element-67008e1 elementor-widget-divider--view-line elementor-widget elementor-widget-divider\" data-id=\"67008e1\" data-element_type=\"widget\" data-widget_type=\"divider.default\">\n\t\t\t\t<div class=\"elementor-widget-container\">\n\t\t\t\t\t\t\t<div class=\"elementor-divider\">\n\t\t\t<span class=\"elementor-divider-separator\">\n\t\t\t\t\t\t<\/span>\n\t\t<\/div>\n\t\t\t\t\t\t<\/div>\n\t\t\t\t<\/div>\n\t\t\t\t<div class=\"elementor-element elementor-element-8ae4c66 elementor-widget elementor-widget-text-editor\" data-id=\"8ae4c66\" data-element_type=\"widget\" data-widget_type=\"text-editor.default\">\n\t\t\t\t<div class=\"elementor-widget-container\">\n\t\t\t\t\t\t\t\t\t<p data-start=\"369\" data-end=\"598\">Od zarania dziej\u00f3w ludzie korzystali z leczniczej mocy ro\u015blin, kt\u00f3re natura obficie nam oferuje. Ich szerokie w\u0142a\u015bciwo\u015bci zdrowotne przynosi\u0142y ulg\u0119 w wielu schorzeniach oraz wspiera\u0142y powr\u00f3t do r\u00f3wnowagi fizycznej i emocjonalnej.<\/p><p data-start=\"600\" data-end=\"937\">Fitoterapia, czyli leczenie ro\u015blinami, to naturalna metoda przywracania zdrowia bez skutk\u00f3w ubocznych. Stanowi cz\u0119\u015b\u0107 medycyny klasycznej i wykorzystuje bogactwo surowc\u00f3w ro\u015blinnych wyst\u0119puj\u0105cych w przyrodzie \u2013 kory, nasion, li\u015bci, kwiat\u00f3w, korzeni czy owoc\u00f3w. Zio\u0142a zawieraj\u0105 aktywne substancje, kt\u00f3re maj\u0105 dobroczynny wp\u0142yw na organizm.<\/p><p data-start=\"939\" data-end=\"1225\">Wp\u0142yw naturalnych lek\u00f3w i po\u017cywienia jest podobny \u2013 r\u00f3\u017cni si\u0119 g\u0142\u00f3wnie si\u0142\u0105 dzia\u0142ania. Dlatego prawid\u0142owo dobrana dieta ma fundamentalne znaczenie dla naszego zdrowia. Jednak o ile posi\u0142ki mo\u017cemy komponowa\u0107 samodzielnie, to zio\u0142a powinny by\u0107 stosowane wy\u0142\u0105cznie pod kontrol\u0105 specjalisty.<\/p><p data-start=\"1227\" data-end=\"1501\">Dlaczego? Poniewa\u017c wiele zi\u00f3\u0142 wchodzi w interakcje z lekami \u2013 mo\u017ce je wzmacnia\u0107 lub os\u0142abia\u0107, a nawet wywo\u0142ywa\u0107 niepo\u017c\u0105dane efekty. Dobrze dobrane zio\u0142a natomiast mog\u0105 wspiera\u0107 leczenie konwencjonalne, zwi\u0119kszaj\u0105c jego skuteczno\u015b\u0107 i jednocze\u015bnie zmniejszaj\u0105c skutki uboczne.<\/p><p data-start=\"1503\" data-end=\"1790\">Dzi\u0119ki naszej wiedzy i do\u015bwiadczeniu dobieramy mieszanki zio\u0142owe indywidualnie \u2013 zgodnie z potrzebami Twojego organizmu. Wierzymy w holistyczne podej\u015bcie do zdrowia, dlatego \u0142\u0105czymy metody konwencjonalne z naturalnymi, by wspiera\u0107 Tw\u00f3j proces powrotu do r\u00f3wnowagi i dobrego samopoczucia.<\/p>\t\t\t\t\t\t\t\t<\/div>\n\t\t\t\t<\/div>\n\t\t\t\t<\/div>\n\t\t<div class=\"elementor-element elementor-element-2bca7bb e-con-full e-flex e-con e-child\" data-id=\"2bca7bb\" data-element_type=\"container\" data-settings=\"{&quot;_ha_eqh_enable&quot;:false}\">\n\t\t\t\t<div class=\"elementor-element elementor-element-8d88ffd elementor-widget elementor-widget-image\" data-id=\"8d88ffd\" data-element_type=\"widget\" data-widget_type=\"image.default\">\n\t\t\t\t<div class=\"elementor-widget-container\">\n\t\t\t\t\t\t\t\t\t\t\t\t\t\t\t<img decoding=\"async\" width=\"2560\" height=\"1707\" src=\"https:\/\/drzewozdrowia.pl\/nuovo\/wp-content\/uploads\/2025\/05\/pexels-photo-8450105-8450105-scaled.jpg\" class=\"attachment-full size-full wp-image-995\" alt=\"Hands preparing an herbal mixture using a mortar and pestle with dried flowers and oils.\" srcset=\"https:\/\/drzewozdrowia.pl\/nuovo\/wp-content\/uploads\/2025\/05\/pexels-photo-8450105-8450105-scaled.jpg 2560w, https:\/\/drzewozdrowia.pl\/nuovo\/wp-content\/uploads\/2025\/05\/pexels-photo-8450105-8450105-300x200.jpg 300w, https:\/\/drzewozdrowia.pl\/nuovo\/wp-content\/uploads\/2025\/05\/pexels-photo-8450105-8450105-1024x683.jpg 1024w, https:\/\/drzewozdrowia.pl\/nuovo\/wp-content\/uploads\/2025\/05\/pexels-photo-8450105-8450105-768x512.jpg 768w, https:\/\/drzewozdrowia.pl\/nuovo\/wp-content\/uploads\/2025\/05\/pexels-photo-8450105-8450105-1536x1024.jpg 1536w, https:\/\/drzewozdrowia.pl\/nuovo\/wp-content\/uploads\/2025\/05\/pexels-photo-8450105-8450105-2048x1365.jpg 2048w\" sizes=\"(max-width: 2560px) 100vw, 2560px\" \/>\t\t\t\t\t\t\t\t\t\t\t\t\t\t\t<\/div>\n\t\t\t\t<\/div>\n\t\t\t\t<\/div>\n\t\t\t\t\t<\/div>\n\t\t\t\t<\/div>\n\t\t\t\t<\/div>\n\t\t","protected":false},"excerpt":{"rendered":"<p>Terapie i Diagnostyka W naszym centrum oferujemy nowoczesne i skuteczne terapie naturalne, kt\u00f3re wspieraj\u0105 cia\u0142o w procesie zdrowienia. Stosujemy indywidualne [&hellip;]<\/p>\n","protected":false},"author":1,"featured_media":0,"parent":0,"menu_order":0,"comment_status":"closed","ping_status":"closed","template":"","meta":{"_uag_custom_page_level_css":"","site-sidebar-layout":"no-sidebar","site-content-layout":"","ast-site-content-layout":"full-width-container","site-content-style":"default","site-sidebar-style":"default","ast-global-header-display":"","ast-banner-title-visibility":"","ast-main-header-display":"","ast-hfb-above-header-display":"","ast-hfb-below-header-display":"","ast-hfb-mobile-header-display":"","site-post-title":"disabled","ast-breadcrumbs-content":"","ast-featured-img":"disabled","footer-sml-layout":"","theme-transparent-header-meta":"","adv-header-id-meta":"","stick-header-meta":"","header-above-stick-meta":"","header-main-stick-meta":"","header-below-stick-meta":"","astra-migrate-meta-layouts":"default","ast-page-background-enabled":"default","ast-page-background-meta":{"desktop":{"background-color":"var(--ast-global-color-4)","background-image":"","background-repeat":"repeat","background-position":"center center","background-size":"auto","background-attachment":"scroll","background-type":"","background-media":"","overlay-type":"","overlay-color":"","overlay-opacity":"","overlay-gradient":""},"tablet":{"background-color":"","background-image":"","background-repeat":"repeat","background-position":"center center","background-size":"auto","background-attachment":"scroll","background-type":"","background-media":"","overlay-type":"","overlay-color":"","overlay-opacity":"","overlay-gradient":""},"mobile":{"background-color":"","background-image":"","background-repeat":"repeat","background-position":"center center","background-size":"auto","background-attachment":"scroll","background-type":"","background-media":"","overlay-type":"","overlay-color":"","overlay-opacity":"","overlay-gradient":""}},"ast-content-background-meta":{"desktop":{"background-color":"var(--ast-global-color-5)","background-image":"","background-repeat":"repeat","background-position":"center center","background-size":"auto","background-attachment":"scroll","background-type":"","background-media":"","overlay-type":"","overlay-color":"","overlay-opacity":"","overlay-gradient":""},"tablet":{"background-color":"var(--ast-global-color-5)","background-image":"","background-repeat":"repeat","background-position":"center center","background-size":"auto","background-attachment":"scroll","background-type":"","background-media":"","overlay-type":"","overlay-color":"","overlay-opacity":"","overlay-gradient":""},"mobile":{"background-color":"var(--ast-global-color-5)","background-image":"","background-repeat":"repeat","background-position":"center center","background-size":"auto","background-attachment":"scroll","background-type":"","background-media":"","overlay-type":"","overlay-color":"","overlay-opacity":"","overlay-gradient":""}},"footnotes":""},"class_list":["post-919","page","type-page","status-publish","hentry"],"uagb_featured_image_src":{"full":false,"thumbnail":false,"medium":false,"medium_large":false,"large":false,"1536x1536":false,"2048x2048":false},"uagb_author_info":{"display_name":"Calligaris","author_link":"https:\/\/drzewozdrowia.pl\/nuovo\/author\/calligaris\/"},"uagb_comment_info":0,"uagb_excerpt":"Terapie i Diagnostyka W naszym centrum oferujemy nowoczesne i skuteczne terapie naturalne, kt\u00f3re wspieraj\u0105 cia\u0142o w procesie zdrowienia. Stosujemy indywidualne [&hellip;]","_links":{"self":[{"href":"https:\/\/drzewozdrowia.pl\/nuovo\/wp-json\/wp\/v2\/pages\/919","targetHints":{"allow":["GET"]}}],"collection":[{"href":"https:\/\/drzewozdrowia.pl\/nuovo\/wp-json\/wp\/v2\/pages"}],"about":[{"href":"https:\/\/drzewozdrowia.pl\/nuovo\/wp-json\/wp\/v2\/types\/page"}],"author":[{"embeddable":true,"href":"https:\/\/drzewozdrowia.pl\/nuovo\/wp-json\/wp\/v2\/users\/1"}],"replies":[{"embeddable":true,"href":"https:\/\/drzewozdrowia.pl\/nuovo\/wp-json\/wp\/v2\/comments?post=919"}],"version-history":[{"count":28,"href":"https:\/\/drzewozdrowia.pl\/nuovo\/wp-json\/wp\/v2\/pages\/919\/revisions"}],"predecessor-version":[{"id":1283,"href":"https:\/\/drzewozdrowia.pl\/nuovo\/wp-json\/wp\/v2\/pages\/919\/revisions\/1283"}],"wp:attachment":[{"href":"https:\/\/drzewozdrowia.pl\/nuovo\/wp-json\/wp\/v2\/media?parent=919"}],"curies":[{"name":"wp","href":"https:\/\/api.w.org\/{rel}","templated":true}]}}